{"id":13782,"date":"2021-10-09T15:59:54","date_gmt":"2021-10-09T13:59:54","guid":{"rendered":"https:\/\/beclu-odziezdamska.pl\/?post_type=product&#038;p=13782"},"modified":"2024-09-05T20:58:57","modified_gmt":"2024-09-05T18:58:57","slug":"sukienka-muslinowa-brigitte-bezowa","status":"publish","type":"product","link":"https:\/\/joliconceptstore.com\/en\/product\/sukienka-muslinowa-brigitte-bezowa\/","title":{"rendered":"Sukienka mu\u015blinowa oversize BRIGITTE \u2013 be\u017cowa"},"content":{"rendered":"<p>The soft and natural material from which the dress is made is perfect for colder days. Just put on a warm sweater or coat and you're ready to go. Beautiful flared bottom and wide sleeves add lightness to the dress. Small embroidered dots are a subtle pattern that gives the dress French vibes.<\/p>\n<p>BRIGITTE dress is available in five colours: navy blue, brown, beige, green and camel.<\/p>\n<p><strong>Colour:<\/strong> beige<br \/>\n<strong>Material:<\/strong> 100% cotton<br \/>\n<strong>Maintenance method:<\/strong> hand wash at 40\u00b0 C<\/p>","protected":false},"excerpt":{"rendered":"<p>BRIGITTE muslin dress is a timeless piece, perfect for work and going out with a friend.<\/p>","protected":false},"featured_media":17008,"template":"","meta":[],"product_cat":[72],"product_tag":[],"yoast_head":"<!-- This site is optimized with the Yoast SEO plugin v19.7.1 - https:\/\/yoast.com\/wordpress\/plugins\/seo\/ -->\n<title>Sukienka mu\u015blinowa oversize BRIGITTE \u2013 be\u017cowa - JOLI Concept Store<\/title>\n<meta name=\"robots\" content=\"index, follow, max-snippet:-1, max-image-preview:large, max-video-preview:-1\" \/>\n<link rel=\"canonical\" href=\"https:\/\/joliconceptstore.com\/en\/product\/sukienka-muslinowa-brigitte-bezowa\/\" \/>\n<meta property=\"og:locale\" content=\"en_GB\" \/>\n<meta property=\"og:type\" content=\"article\" \/>\n<meta property=\"og:title\" content=\"Sukienka mu\u015blinowa oversize BRIGITTE \u2013 be\u017cowa - JOLI Concept Store\" \/>\n<meta property=\"og:description\" content=\"Sukienka mu\u015blinowa BRIGITTE to ponadczasowy wz\u00f3r w komfortowym wydaniu, idealny do pracy i na wyj\u015bcie z kole\u017cank\u0105.\" \/>\n<meta property=\"og:url\" content=\"https:\/\/joliconceptstore.com\/en\/product\/sukienka-muslinowa-brigitte-bezowa\/\" \/>\n<meta property=\"og:site_name\" content=\"JOLI Concept Store\" \/>\n<meta property=\"article:modified_time\" content=\"2024-09-05T18:58:57+00:00\" \/>\n<meta property=\"og:image\" content=\"https:\/\/joliconceptstore.com\/wp-content\/uploads\/2023\/05\/Sukienka-muslinowa-BRIGITTE-bezowa-01.jpg\" \/>\n\t<meta property=\"og:image:width\" content=\"1200\" \/>\n\t<meta property=\"og:image:height\" content=\"1600\" \/>\n\t<meta property=\"og:image:type\" content=\"image\/jpeg\" \/>\n<meta name=\"twitter:card\" content=\"summary_large_image\" \/>\n<meta name=\"twitter:label1\" content=\"Estimated reading time\" \/>\n\t<meta name=\"twitter:data1\" content=\"1 minute\" \/>\n<script type=\"application\/ld+json\" class=\"yoast-schema-graph\">{\"@context\":\"https:\/\/schema.org\",\"@graph\":[{\"@type\":\"WebPage\",\"@id\":\"https:\/\/joliconceptstore.com\/produkt\/sukienka-muslinowa-brigitte-bezowa\/\",\"url\":\"https:\/\/joliconceptstore.com\/produkt\/sukienka-muslinowa-brigitte-bezowa\/\",\"name\":\"Sukienka mu\u015blinowa oversize BRIGITTE \u2013 be\u017cowa - JOLI Concept Store\",\"isPartOf\":{\"@id\":\"https:\/\/joliconceptstore.com\/#website\"},\"datePublished\":\"2021-10-09T13:59:54+00:00\",\"dateModified\":\"2024-09-05T18:58:57+00:00\",\"breadcrumb\":{\"@id\":\"https:\/\/joliconceptstore.com\/produkt\/sukienka-muslinowa-brigitte-bezowa\/#breadcrumb\"},\"inLanguage\":\"en-GB\",\"potentialAction\":[{\"@type\":\"ReadAction\",\"target\":[\"https:\/\/joliconceptstore.com\/produkt\/sukienka-muslinowa-brigitte-bezowa\/\"]}]},{\"@type\":\"BreadcrumbList\",\"@id\":\"https:\/\/joliconceptstore.com\/produkt\/sukienka-muslinowa-brigitte-bezowa\/#breadcrumb\",\"itemListElement\":[{\"@type\":\"ListItem\",\"position\":1,\"name\":\"Strona g\u0142\u00f3wna\",\"item\":\"https:\/\/joliconceptstore.com\/\"},{\"@type\":\"ListItem\",\"position\":2,\"name\":\"Sklep\",\"item\":\"https:\/\/joliconceptstore.com\/sklep\/\"},{\"@type\":\"ListItem\",\"position\":3,\"name\":\"Sukienka mu\u015blinowa oversize BRIGITTE \u2013 be\u017cowa\"}]},{\"@type\":\"WebSite\",\"@id\":\"https:\/\/joliconceptstore.com\/#website\",\"url\":\"https:\/\/joliconceptstore.com\/\",\"name\":\"JOLI Concept Store\",\"description\":\"\",\"publisher\":{\"@id\":\"https:\/\/joliconceptstore.com\/#organization\"},\"potentialAction\":[{\"@type\":\"SearchAction\",\"target\":{\"@type\":\"EntryPoint\",\"urlTemplate\":\"https:\/\/joliconceptstore.com\/?s={search_term_string}\"},\"query-input\":\"required name=search_term_string\"}],\"inLanguage\":\"en-GB\"},{\"@type\":\"Organization\",\"@id\":\"https:\/\/joliconceptstore.com\/#organization\",\"name\":\"JOLI Concept Store\",\"url\":\"https:\/\/joliconceptstore.com\/\",\"sameAs\":[],\"logo\":{\"@type\":\"ImageObject\",\"inLanguage\":\"en-GB\",\"@id\":\"https:\/\/joliconceptstore.com\/#\/schema\/logo\/image\/\",\"url\":\"https:\/\/joliconceptstore.com\/wp-content\/uploads\/2022\/08\/Logo-Joli-Concept-Store-strona-1.png\",\"contentUrl\":\"https:\/\/joliconceptstore.com\/wp-content\/uploads\/2022\/08\/Logo-Joli-Concept-Store-strona-1.png\",\"width\":631,\"height\":278,\"caption\":\"JOLI Concept Store\"},\"image\":{\"@id\":\"https:\/\/joliconceptstore.com\/#\/schema\/logo\/image\/\"}}]}<\/script>\n<!-- \/ Yoast SEO plugin. -->","yoast_head_json":{"title":"Sukienka mu\u015blinowa oversize BRIGITTE \u2013 be\u017cowa - JOLI Concept Store","robots":{"index":"index","follow":"follow","max-snippet":"max-snippet:-1","max-image-preview":"max-image-preview:large","max-video-preview":"max-video-preview:-1"},"canonical":"https:\/\/joliconceptstore.com\/en\/product\/sukienka-muslinowa-brigitte-bezowa\/","og_locale":"en_GB","og_type":"article","og_title":"Sukienka mu\u015blinowa oversize BRIGITTE \u2013 be\u017cowa - JOLI Concept Store","og_description":"Sukienka mu\u015blinowa BRIGITTE to ponadczasowy wz\u00f3r w komfortowym wydaniu, idealny do pracy i na wyj\u015bcie z kole\u017cank\u0105.","og_url":"https:\/\/joliconceptstore.com\/en\/product\/sukienka-muslinowa-brigitte-bezowa\/","og_site_name":"JOLI Concept Store","article_modified_time":"2024-09-05T18:58:57+00:00","og_image":[{"width":1200,"height":1600,"url":"https:\/\/joliconceptstore.com\/wp-content\/uploads\/2023\/05\/Sukienka-muslinowa-BRIGITTE-bezowa-01.jpg","type":"image\/jpeg"}],"twitter_card":"summary_large_image","twitter_misc":{"Estimated reading time":"1 minute"},"schema":{"@context":"https:\/\/schema.org","@graph":[{"@type":"WebPage","@id":"https:\/\/joliconceptstore.com\/produkt\/sukienka-muslinowa-brigitte-bezowa\/","url":"https:\/\/joliconceptstore.com\/produkt\/sukienka-muslinowa-brigitte-bezowa\/","name":"Sukienka mu\u015blinowa oversize BRIGITTE \u2013 be\u017cowa - JOLI Concept Store","isPartOf":{"@id":"https:\/\/joliconceptstore.com\/#website"},"datePublished":"2021-10-09T13:59:54+00:00","dateModified":"2024-09-05T18:58:57+00:00","breadcrumb":{"@id":"https:\/\/joliconceptstore.com\/produkt\/sukienka-muslinowa-brigitte-bezowa\/#breadcrumb"},"inLanguage":"en-GB","potentialAction":[{"@type":"ReadAction","target":["https:\/\/joliconceptstore.com\/produkt\/sukienka-muslinowa-brigitte-bezowa\/"]}]},{"@type":"BreadcrumbList","@id":"https:\/\/joliconceptstore.com\/produkt\/sukienka-muslinowa-brigitte-bezowa\/#breadcrumb","itemListElement":[{"@type":"ListItem","position":1,"name":"Strona g\u0142\u00f3wna","item":"https:\/\/joliconceptstore.com\/"},{"@type":"ListItem","position":2,"name":"Sklep","item":"https:\/\/joliconceptstore.com\/sklep\/"},{"@type":"ListItem","position":3,"name":"Sukienka mu\u015blinowa oversize BRIGITTE \u2013 be\u017cowa"}]},{"@type":"WebSite","@id":"https:\/\/joliconceptstore.com\/#website","url":"https:\/\/joliconceptstore.com\/","name":"JOLI Concept Store","description":"","publisher":{"@id":"https:\/\/joliconceptstore.com\/#organization"},"potentialAction":[{"@type":"SearchAction","target":{"@type":"EntryPoint","urlTemplate":"https:\/\/joliconceptstore.com\/?s={search_term_string}"},"query-input":"required name=search_term_string"}],"inLanguage":"en-GB"},{"@type":"Organization","@id":"https:\/\/joliconceptstore.com\/#organization","name":"JOLI Concept Store","url":"https:\/\/joliconceptstore.com\/","sameAs":[],"logo":{"@type":"ImageObject","inLanguage":"en-GB","@id":"https:\/\/joliconceptstore.com\/#\/schema\/logo\/image\/","url":"https:\/\/joliconceptstore.com\/wp-content\/uploads\/2022\/08\/Logo-Joli-Concept-Store-strona-1.png","contentUrl":"https:\/\/joliconceptstore.com\/wp-content\/uploads\/2022\/08\/Logo-Joli-Concept-Store-strona-1.png","width":631,"height":278,"caption":"JOLI Concept Store"},"image":{"@id":"https:\/\/joliconceptstore.com\/#\/schema\/logo\/image\/"}}]}},"_links":{"self":[{"href":"https:\/\/joliconceptstore.com\/en\/wp-json\/wp\/v2\/product\/13782"}],"collection":[{"href":"https:\/\/joliconceptstore.com\/en\/wp-json\/wp\/v2\/product"}],"about":[{"href":"https:\/\/joliconceptstore.com\/en\/wp-json\/wp\/v2\/types\/product"}],"version-history":[{"count":6,"href":"https:\/\/joliconceptstore.com\/en\/wp-json\/wp\/v2\/product\/13782\/revisions"}],"predecessor-version":[{"id":17429,"href":"https:\/\/joliconceptstore.com\/en\/wp-json\/wp\/v2\/product\/13782\/revisions\/17429"}],"wp:featuredmedia":[{"embeddable":true,"href":"https:\/\/joliconceptstore.com\/en\/wp-json\/wp\/v2\/media\/17008"}],"wp:attachment":[{"href":"https:\/\/joliconceptstore.com\/en\/wp-json\/wp\/v2\/media?parent=13782"}],"wp:term":[{"taxonomy":"product_cat","embeddable":true,"href":"https:\/\/joliconceptstore.com\/en\/wp-json\/wp\/v2\/product_cat?post=13782"},{"taxonomy":"product_tag","embeddable":true,"href":"https:\/\/joliconceptstore.com\/en\/wp-json\/wp\/v2\/product_tag?post=13782"}],"curies":[{"name":"wp","href":"https:\/\/api.w.org\/{rel}","templated":true}]}}