{"id":13796,"date":"2021-10-09T17:24:56","date_gmt":"2021-10-09T15:24:56","guid":{"rendered":"https:\/\/beclu-odziezdamska.pl\/?post_type=product&#038;p=13796"},"modified":"2024-06-14T14:12:53","modified_gmt":"2024-06-14T12:12:53","slug":"bezrekawnik-chaud-z-naturalnym-puchem-kremowy","status":"publish","type":"product","link":"https:\/\/joliconceptstore.com\/en\/product\/bezrekawnik-chaud-z-naturalnym-puchem-kremowy\/","title":{"rendered":"CHAUD vest with natural down \u2013 cream"},"content":{"rendered":"<p>True must-have this season. Perfect for colder days \u2013 warm and very fashionable. Insulated with natural down, the vest will perfectly match any outfit. It has two pockets where you can warm your hands.<\/p>\n<p><strong>Colour:<\/strong> cream<br \/>\n<strong>Material:<\/strong> outer material: 100% polyester; lining: 100%; filling: 100% white duck down<br \/>\n<strong>Maintenance method:<\/strong> hand wash at 30\u00b0 C<\/p>","protected":false},"excerpt":{"rendered":"<p>The natural cream colour and drawstrings at the waist make the vest fit every figure perfectly, emphasising its advantages.<\/p>","protected":false},"featured_media":14049,"template":"","meta":[],"product_cat":[87,139],"product_tag":[],"yoast_head":"<!-- This site is optimized with the Yoast SEO plugin v19.7.1 - https:\/\/yoast.com\/wordpress\/plugins\/seo\/ -->\n<title>Bezr\u0119kawnik CHAUD z naturalnym puchem \u2013 kremowy - JOLI Concept Store<\/title>\n<meta name=\"robots\" content=\"index, follow, max-snippet:-1, max-image-preview:large, max-video-preview:-1\" \/>\n<link rel=\"canonical\" href=\"https:\/\/joliconceptstore.com\/en\/product\/bezrekawnik-chaud-z-naturalnym-puchem-kremowy\/\" \/>\n<meta property=\"og:locale\" content=\"en_GB\" \/>\n<meta property=\"og:type\" content=\"article\" \/>\n<meta property=\"og:title\" content=\"Bezr\u0119kawnik CHAUD z naturalnym puchem \u2013 kremowy - JOLI Concept Store\" \/>\n<meta property=\"og:description\" content=\"Naturalny kremowy kolor i \u015bci\u0105gacze w talii sprawiaj\u0105, \u017ce bezr\u0119kawnik b\u0119dzie \u015bwietnie le\u017ce\u0107 i pasowa\u0107 do ka\u017cdej sylwetki, podkre\u015blaj\u0105c jej atuty.\" \/>\n<meta property=\"og:url\" content=\"https:\/\/joliconceptstore.com\/en\/product\/bezrekawnik-chaud-z-naturalnym-puchem-kremowy\/\" \/>\n<meta property=\"og:site_name\" content=\"JOLI Concept Store\" \/>\n<meta property=\"article:modified_time\" content=\"2024-06-14T12:12:53+00:00\" \/>\n<meta property=\"og:image\" content=\"https:\/\/joliconceptstore.com\/wp-content\/uploads\/2021\/11\/Kremowy-bezrekawnik-CHAUD-z-naturalnym-puchem-01.jpg\" \/>\n\t<meta property=\"og:image:width\" content=\"1200\" \/>\n\t<meta property=\"og:image:height\" content=\"1600\" \/>\n\t<meta property=\"og:image:type\" content=\"image\/jpeg\" \/>\n<meta name=\"twitter:card\" content=\"summary_large_image\" \/>\n<meta name=\"twitter:label1\" content=\"Estimated reading time\" \/>\n\t<meta name=\"twitter:data1\" content=\"1 minute\" \/>\n<script type=\"application\/ld+json\" class=\"yoast-schema-graph\">{\"@context\":\"https:\/\/schema.org\",\"@graph\":[{\"@type\":\"WebPage\",\"@id\":\"https:\/\/joliconceptstore.com\/produkt\/bezrekawnik-chaud-z-naturalnym-puchem-kremowy\/\",\"url\":\"https:\/\/joliconceptstore.com\/produkt\/bezrekawnik-chaud-z-naturalnym-puchem-kremowy\/\",\"name\":\"Bezr\u0119kawnik CHAUD z naturalnym puchem \u2013 kremowy - JOLI Concept Store\",\"isPartOf\":{\"@id\":\"https:\/\/joliconceptstore.com\/#website\"},\"datePublished\":\"2021-10-09T15:24:56+00:00\",\"dateModified\":\"2024-06-14T12:12:53+00:00\",\"breadcrumb\":{\"@id\":\"https:\/\/joliconceptstore.com\/produkt\/bezrekawnik-chaud-z-naturalnym-puchem-kremowy\/#breadcrumb\"},\"inLanguage\":\"en-GB\",\"potentialAction\":[{\"@type\":\"ReadAction\",\"target\":[\"https:\/\/joliconceptstore.com\/produkt\/bezrekawnik-chaud-z-naturalnym-puchem-kremowy\/\"]}]},{\"@type\":\"BreadcrumbList\",\"@id\":\"https:\/\/joliconceptstore.com\/produkt\/bezrekawnik-chaud-z-naturalnym-puchem-kremowy\/#breadcrumb\",\"itemListElement\":[{\"@type\":\"ListItem\",\"position\":1,\"name\":\"Strona g\u0142\u00f3wna\",\"item\":\"https:\/\/joliconceptstore.com\/\"},{\"@type\":\"ListItem\",\"position\":2,\"name\":\"Sklep\",\"item\":\"https:\/\/joliconceptstore.com\/sklep\/\"},{\"@type\":\"ListItem\",\"position\":3,\"name\":\"Bezr\u0119kawnik CHAUD z naturalnym puchem \u2013 kremowy\"}]},{\"@type\":\"WebSite\",\"@id\":\"https:\/\/joliconceptstore.com\/#website\",\"url\":\"https:\/\/joliconceptstore.com\/\",\"name\":\"JOLI Concept Store\",\"description\":\"\",\"publisher\":{\"@id\":\"https:\/\/joliconceptstore.com\/#organization\"},\"potentialAction\":[{\"@type\":\"SearchAction\",\"target\":{\"@type\":\"EntryPoint\",\"urlTemplate\":\"https:\/\/joliconceptstore.com\/?s={search_term_string}\"},\"query-input\":\"required name=search_term_string\"}],\"inLanguage\":\"en-GB\"},{\"@type\":\"Organization\",\"@id\":\"https:\/\/joliconceptstore.com\/#organization\",\"name\":\"JOLI Concept Store\",\"url\":\"https:\/\/joliconceptstore.com\/\",\"sameAs\":[],\"logo\":{\"@type\":\"ImageObject\",\"inLanguage\":\"en-GB\",\"@id\":\"https:\/\/joliconceptstore.com\/#\/schema\/logo\/image\/\",\"url\":\"https:\/\/joliconceptstore.com\/wp-content\/uploads\/2022\/08\/Logo-Joli-Concept-Store-strona-1.png\",\"contentUrl\":\"https:\/\/joliconceptstore.com\/wp-content\/uploads\/2022\/08\/Logo-Joli-Concept-Store-strona-1.png\",\"width\":631,\"height\":278,\"caption\":\"JOLI Concept Store\"},\"image\":{\"@id\":\"https:\/\/joliconceptstore.com\/#\/schema\/logo\/image\/\"}}]}<\/script>\n<!-- \/ Yoast SEO plugin. -->","yoast_head_json":{"title":"Bezr\u0119kawnik CHAUD z naturalnym puchem \u2013 kremowy - JOLI Concept Store","robots":{"index":"index","follow":"follow","max-snippet":"max-snippet:-1","max-image-preview":"max-image-preview:large","max-video-preview":"max-video-preview:-1"},"canonical":"https:\/\/joliconceptstore.com\/en\/product\/bezrekawnik-chaud-z-naturalnym-puchem-kremowy\/","og_locale":"en_GB","og_type":"article","og_title":"Bezr\u0119kawnik CHAUD z naturalnym puchem \u2013 kremowy - JOLI Concept Store","og_description":"Naturalny kremowy kolor i \u015bci\u0105gacze w talii sprawiaj\u0105, \u017ce bezr\u0119kawnik b\u0119dzie \u015bwietnie le\u017ce\u0107 i pasowa\u0107 do ka\u017cdej sylwetki, podkre\u015blaj\u0105c jej atuty.","og_url":"https:\/\/joliconceptstore.com\/en\/product\/bezrekawnik-chaud-z-naturalnym-puchem-kremowy\/","og_site_name":"JOLI Concept Store","article_modified_time":"2024-06-14T12:12:53+00:00","og_image":[{"width":1200,"height":1600,"url":"https:\/\/joliconceptstore.com\/wp-content\/uploads\/2021\/11\/Kremowy-bezrekawnik-CHAUD-z-naturalnym-puchem-01.jpg","type":"image\/jpeg"}],"twitter_card":"summary_large_image","twitter_misc":{"Estimated reading time":"1 minute"},"schema":{"@context":"https:\/\/schema.org","@graph":[{"@type":"WebPage","@id":"https:\/\/joliconceptstore.com\/produkt\/bezrekawnik-chaud-z-naturalnym-puchem-kremowy\/","url":"https:\/\/joliconceptstore.com\/produkt\/bezrekawnik-chaud-z-naturalnym-puchem-kremowy\/","name":"Bezr\u0119kawnik CHAUD z naturalnym puchem \u2013 kremowy - JOLI Concept Store","isPartOf":{"@id":"https:\/\/joliconceptstore.com\/#website"},"datePublished":"2021-10-09T15:24:56+00:00","dateModified":"2024-06-14T12:12:53+00:00","breadcrumb":{"@id":"https:\/\/joliconceptstore.com\/produkt\/bezrekawnik-chaud-z-naturalnym-puchem-kremowy\/#breadcrumb"},"inLanguage":"en-GB","potentialAction":[{"@type":"ReadAction","target":["https:\/\/joliconceptstore.com\/produkt\/bezrekawnik-chaud-z-naturalnym-puchem-kremowy\/"]}]},{"@type":"BreadcrumbList","@id":"https:\/\/joliconceptstore.com\/produkt\/bezrekawnik-chaud-z-naturalnym-puchem-kremowy\/#breadcrumb","itemListElement":[{"@type":"ListItem","position":1,"name":"Strona g\u0142\u00f3wna","item":"https:\/\/joliconceptstore.com\/"},{"@type":"ListItem","position":2,"name":"Sklep","item":"https:\/\/joliconceptstore.com\/sklep\/"},{"@type":"ListItem","position":3,"name":"Bezr\u0119kawnik CHAUD z naturalnym puchem \u2013 kremowy"}]},{"@type":"WebSite","@id":"https:\/\/joliconceptstore.com\/#website","url":"https:\/\/joliconceptstore.com\/","name":"JOLI Concept Store","description":"","publisher":{"@id":"https:\/\/joliconceptstore.com\/#organization"},"potentialAction":[{"@type":"SearchAction","target":{"@type":"EntryPoint","urlTemplate":"https:\/\/joliconceptstore.com\/?s={search_term_string}"},"query-input":"required name=search_term_string"}],"inLanguage":"en-GB"},{"@type":"Organization","@id":"https:\/\/joliconceptstore.com\/#organization","name":"JOLI Concept Store","url":"https:\/\/joliconceptstore.com\/","sameAs":[],"logo":{"@type":"ImageObject","inLanguage":"en-GB","@id":"https:\/\/joliconceptstore.com\/#\/schema\/logo\/image\/","url":"https:\/\/joliconceptstore.com\/wp-content\/uploads\/2022\/08\/Logo-Joli-Concept-Store-strona-1.png","contentUrl":"https:\/\/joliconceptstore.com\/wp-content\/uploads\/2022\/08\/Logo-Joli-Concept-Store-strona-1.png","width":631,"height":278,"caption":"JOLI Concept Store"},"image":{"@id":"https:\/\/joliconceptstore.com\/#\/schema\/logo\/image\/"}}]}},"_links":{"self":[{"href":"https:\/\/joliconceptstore.com\/en\/wp-json\/wp\/v2\/product\/13796"}],"collection":[{"href":"https:\/\/joliconceptstore.com\/en\/wp-json\/wp\/v2\/product"}],"about":[{"href":"https:\/\/joliconceptstore.com\/en\/wp-json\/wp\/v2\/types\/product"}],"version-history":[{"count":5,"href":"https:\/\/joliconceptstore.com\/en\/wp-json\/wp\/v2\/product\/13796\/revisions"}],"predecessor-version":[{"id":16505,"href":"https:\/\/joliconceptstore.com\/en\/wp-json\/wp\/v2\/product\/13796\/revisions\/16505"}],"wp:featuredmedia":[{"embeddable":true,"href":"https:\/\/joliconceptstore.com\/en\/wp-json\/wp\/v2\/media\/14049"}],"wp:attachment":[{"href":"https:\/\/joliconceptstore.com\/en\/wp-json\/wp\/v2\/media?parent=13796"}],"wp:term":[{"taxonomy":"product_cat","embeddable":true,"href":"https:\/\/joliconceptstore.com\/en\/wp-json\/wp\/v2\/product_cat?post=13796"},{"taxonomy":"product_tag","embeddable":true,"href":"https:\/\/joliconceptstore.com\/en\/wp-json\/wp\/v2\/product_tag?post=13796"}],"curies":[{"name":"wp","href":"https:\/\/api.w.org\/{rel}","templated":true}]}}